{"id":117,"date":"2024-06-13T21:33:07","date_gmt":"2024-06-13T21:33:07","guid":{"rendered":"https:\/\/davz.hr\/wordpress\/?page_id=117"},"modified":"2024-06-19T16:00:33","modified_gmt":"2024-06-19T16:00:33","slug":"radna-skupina-varazdin","status":"publish","type":"page","link":"https:\/\/davz.hr\/wordpress\/?page_id=117","title":{"rendered":"Radna skupina Vara\u017edin"},"content":{"rendered":"\n<p>&#8220;Radna Skupina Vara\u017edin&#8221; (RSV) osnovana je u velja\u010di 2017. godine ispred Dru\u0161tva Arhitekata Vara\u017edina u cilju istra\u017eivanja, o\u010duvanja i educiranja o vrijednostima arhitektonskog naslije\u0111a 20. stolje\u0107a u Vara\u017edinu.<\/p>\n\n\n\n<p>Vara\u017edin kao povijesni grad sadr\u017ei arhitektonske slojeve svih razdoblja u posljednjih 1000 godina. Brojne vara\u017edinske pala\u010de i crkve \u010dine grad vrijednim i prepoznatljivim u \u0161irim razmjerima.<\/p>\n\n\n\n<p>Ipak, povijesni centar grada nije jedini \u010dimbenik identiteta nekog grada. Ve\u0107ina prostora koje Vara\u017edinci danas koriste nastala je upravo u 20. stolje\u0107u u stilovima i pokretima koje nazivamo modernom i postmodernom, kada se Vara\u017edin izgradio i pro\u0161irio kao nikad prije. Tako obimnu izmjenu gradske morfologije grad nije do\u017eivio od razdoblja Turskih osvajanja, kada je opasan bedemima te moderniziran u duhu renesanse. Kako vrijeme prolazi tako i ovaj dvadesetostoljetni sloj postaje sve stariji a samim time i povijesni. Stav Radne Skupine je da treba sa\u010duvati vrijednosti i ba\u0161tinu ovog sloja za budu\u0107nost.<\/p>\n\n\n\n<p>Od samog po\u010detka Radna Skupina Vara\u017edin svoj je rad orijentirala prvenstveno prema gra\u0111anima i institucijama koje zajedno \u010dine i grade grad. Bez izgra\u0111ene svijesti gra\u0111ana o vrijednosti ovih gra\u0111evina i prostora nemogu\u0107e bi bilo sa\u010duvati ih. Kako nitko dosad nije temeljito istra\u017eivao ovu temu, bilo je potrebno razviti strategiju istra\u017eivanja i prezentacije gra\u0111e. U suradnji s medijima te putem dru\u0161tvenih mre\u017ea, javnosti se prezentiraju rezultati ovog pionirskog istra\u017eivanja.<\/p>\n\n\n\n<div class=\"wp-block-file\"><a id=\"wp-block-file--media-9634f78a-c8c6-4a48-9111-4d937888f5bd\" href=\"https:\/\/davz.hr\/wordpress\/wp-content\/uploads\/2024\/06\/RSV_popis-postignuca.pdf\">RSV_popis-postignuca<\/a><a href=\"https:\/\/davz.hr\/wordpress\/wp-content\/uploads\/2024\/06\/RSV_popis-postignuca.pdf\" class=\"wp-block-file__button wp-element-button\" download aria-describedby=\"wp-block-file--media-9634f78a-c8c6-4a48-9111-4d937888f5bd\">Preuzmi<\/a><\/div>\n\n\n\n<div class=\"wp-block-query has-global-padding is-layout-constrained wp-block-query-is-layout-constrained\">\n\n\n<div class=\"wp-block-group is-layout-flow wp-block-group-is-layout-flow\" style=\"margin-top:0;margin-bottom:0;padding-top:var(--wp--preset--spacing--50);padding-right:0;padding-bottom:var(--wp--preset--spacing--50);padding-left:0\"><ul class=\"alignfull wp-block-post-template is-layout-flow wp-container-core-post-template-is-layout-09c064ec wp-block-post-template-is-layout-flow\"><li class=\"wp-block-post post-151 post type-post status-publish format-standard has-post-thumbnail hentry category-novosti category-radna-skupina-varazdin\">\n<figure style=\"aspect-ratio:3\/2; margin-bottom:var(--wp--preset--spacing--20);\" class=\"wp-block-post-featured-image\"><a href=\"https:\/\/davz.hr\/wordpress\/?p=151\" target=\"_self\"  ><img loading=\"lazy\" decoding=\"async\" width=\"2560\" height=\"1862\" src=\"https:\/\/davz.hr\/wordpress\/wp-content\/uploads\/2024\/06\/Varazdin-vila-Oblath-1934-scaled.jpg\" class=\"attachment-post-thumbnail size-post-thumbnail wp-post-image\" alt=\"RSV na Festivalu dvori\u0161ta 2024. predstavlja VILU OBLATH\" style=\"width:100%;height:100%;object-fit:cover;\" srcset=\"https:\/\/davz.hr\/wordpress\/wp-content\/uploads\/2024\/06\/Varazdin-vila-Oblath-1934-scaled.jpg 2560w, https:\/\/davz.hr\/wordpress\/wp-content\/uploads\/2024\/06\/Varazdin-vila-Oblath-1934-300x218.jpg 300w, https:\/\/davz.hr\/wordpress\/wp-content\/uploads\/2024\/06\/Varazdin-vila-Oblath-1934-1024x745.jpg 1024w, https:\/\/davz.hr\/wordpress\/wp-content\/uploads\/2024\/06\/Varazdin-vila-Oblath-1934-768x559.jpg 768w, https:\/\/davz.hr\/wordpress\/wp-content\/uploads\/2024\/06\/Varazdin-vila-Oblath-1934-1536x1117.jpg 1536w, https:\/\/davz.hr\/wordpress\/wp-content\/uploads\/2024\/06\/Varazdin-vila-Oblath-1934-2048x1490.jpg 2048w\" sizes=\"auto, (max-width: 2560px) 100vw, 2560px\" \/><\/a><\/figure>\n\n\n<div class=\"wp-block-group is-vertical is-nowrap is-layout-flex wp-container-core-group-is-layout-9bc6ff26 wp-block-group-is-layout-flex\"><h2 style=\"margin-bottom:0;\" class=\"wp-block-post-title has-x-large-font-size\"><a href=\"https:\/\/davz.hr\/wordpress\/?p=151\" target=\"_self\" >RSV na Festivalu dvori\u0161ta 2024. predstavlja VILU OBLATH<\/a><\/h2>\n\n<div class=\"wp-block-template-part\">\n\n<div class=\"wp-block-group has-global-padding is-layout-constrained wp-block-group-is-layout-constrained\">\n\t\n\t<div class=\"wp-block-group is-content-justification-left is-layout-flex wp-container-core-group-is-layout-dfe8e91f wp-block-group-is-layout-flex\">\n\t\t<div class=\"wp-block-post-date\"><time datetime=\"2024-06-19T20:55:07+00:00\"><a href=\"https:\/\/davz.hr\/wordpress\/?p=151\">lip 19, 2024<\/a><\/time><\/div>\n\n\t\t\n\t\t<p class=\"has-contrast-2-color has-text-color\">\u2014<\/p>\n\t\t\n\n\t\t\n\t\t<p class=\"has-small-font-size has-contrast-2-color has-text-color\">od<\/p>\n\t\t\n\n\t\t<div class=\"wp-block-post-author-name\"><a href=\"https:\/\/davz.hr\/wordpress\/?author=1\" target=\"_self\" class=\"wp-block-post-author-name__link\">DAVZ<\/a><\/div>\n\n\t\t<div class=\"taxonomy-category wp-block-post-terms\"><span class=\"wp-block-post-terms__prefix\">u <\/span><a href=\"https:\/\/davz.hr\/wordpress\/?cat=3\" rel=\"tag\">Novosti<\/a><span class=\"wp-block-post-terms__separator\">, <\/span><a href=\"https:\/\/davz.hr\/wordpress\/?cat=6\" rel=\"tag\">Radna skupina Vara\u017edin<\/a><\/div>\n\n\t<\/div>\n\t\n<\/div>\n\n\n<\/div>\n\n<div class=\"wp-block-post-excerpt has-small-font-size\"><p class=\"wp-block-post-excerpt__excerpt\">Za RSV pi\u0161e: Filip Kobzinek Festival vara\u017edinskih dvori\u0161ta ove godine po prvi put otvorio je vrata Vile Oblath. Festival se odr\u017eao 15. i 16. lipnja 2024., a organizirali su ga Grad Vara\u017edin i Turisti\u010dka zajednica grada Vara\u017edina. Doga\u0111anja u ovom dvori\u0161tu organizirali su vlasnici i korisnici vile \u2013 Hrvatski savez gluhih i nagluhih te Udruga&hellip; <\/p><\/div>\n\n\n<div style=\"height:0px\" aria-hidden=\"true\" class=\"wp-block-spacer wp-container-content-32e3a40d\"><\/div>\n<\/div>\n\n<\/li><\/ul>\n\n\n<div style=\"margin-top:0;margin-bottom:0;height:var(--wp--preset--spacing--50)\" aria-hidden=\"true\" class=\"wp-block-spacer\"><\/div>\n\n\n<\/div>\n<\/div>\n","protected":false},"excerpt":{"rendered":"<p>&#8220;Radna Skupina Vara\u017edin&#8221; (RSV) osnovana je u velja\u010di 2017. godine ispred Dru\u0161tva Arhitekata Vara\u017edina u cilju istra\u017eivanja, o\u010duvanja i educiranja o vrijednostima arhitektonskog naslije\u0111a 20. stolje\u0107a u Vara\u017edinu. Vara\u017edin kao povijesni grad sadr\u017ei arhitektonske slojeve svih razdoblja u posljednjih 1000 godina. Brojne vara\u017edinske pala\u010de i crkve \u010dine grad vrijednim i prepoznatljivim u \u0161irim razmjerima. Ipak, [&hellip;]<\/p>\n","protected":false},"author":1,"featured_media":0,"parent":0,"menu_order":0,"comment_status":"closed","ping_status":"closed","template":"","meta":{"footnotes":""},"class_list":["post-117","page","type-page","status-publish","hentry"],"_links":{"self":[{"href":"https:\/\/davz.hr\/wordpress\/index.php?rest_route=\/wp\/v2\/pages\/117","targetHints":{"allow":["GET"]}}],"collection":[{"href":"https:\/\/davz.hr\/wordpress\/index.php?rest_route=\/wp\/v2\/pages"}],"about":[{"href":"https:\/\/davz.hr\/wordpress\/index.php?rest_route=\/wp\/v2\/types\/page"}],"author":[{"embeddable":true,"href":"https:\/\/davz.hr\/wordpress\/index.php?rest_route=\/wp\/v2\/users\/1"}],"replies":[{"embeddable":true,"href":"https:\/\/davz.hr\/wordpress\/index.php?rest_route=%2Fwp%2Fv2%2Fcomments&post=117"}],"version-history":[{"count":4,"href":"https:\/\/davz.hr\/wordpress\/index.php?rest_route=\/wp\/v2\/pages\/117\/revisions"}],"predecessor-version":[{"id":132,"href":"https:\/\/davz.hr\/wordpress\/index.php?rest_route=\/wp\/v2\/pages\/117\/revisions\/132"}],"wp:attachment":[{"href":"https:\/\/davz.hr\/wordpress\/index.php?rest_route=%2Fwp%2Fv2%2Fmedia&parent=117"}],"curies":[{"name":"wp","href":"https:\/\/api.w.org\/{rel}","templated":true}]}}