{"id":53,"date":"2024-06-04T00:15:48","date_gmt":"2024-06-04T00:15:48","guid":{"rendered":"https:\/\/davz.hr\/wordpress\/?page_id=53"},"modified":"2024-07-26T07:29:22","modified_gmt":"2024-07-26T07:29:22","slug":"o-dav-u","status":"publish","type":"page","link":"https:\/\/davz.hr\/wordpress\/?page_id=53","title":{"rendered":"O DAV-u"},"content":{"rendered":"\n<p class=\"has-text-align-left\">&#8220;Dru\u0161tvo arhitekata Vara\u017edina&#8221;\u00a0(DAV) je dobrovoljna strukovna udruga koja okuplja arhitektice i arhitekte koji djeluju na podru\u010dju i okolici grada Vara\u017edina i Vara\u017edinske \u017eupanije.<\/p>\n\n\n\n<p class=\"has-text-align-left\">Postoji od 1983. godine, kada je osnovano Dru\u0161tvo arhitekata vara\u017edinsko &#8211; me\u0111imurske regije. Od 1997. godine djeluje kao samostalna udruga pod imenom \u2013 \u201eDru\u0161tvo arhitekata Vara\u017edina\u201c (DAV).<\/p>\n\n\n\n<p class=\"has-text-align-left\">DAV je \u010dlan Udru\u017eenja hrvatskih arhitekata (UHA) &#8211; strukovnog saveza svih dru\u0161tava arhitekata koja djeluju na podru\u010dju Republike Hrvatske.<\/p>\n\n\n\n<p class=\"has-text-align-left\">Primarni opseg interesa Dru\u0161tva je senzibiliziranje javnosti o aktualnoj arhitektonskoj i urbanisti\u010dkoj problematici&nbsp;te aktivno djelovanje i sudjelovanje u razvoju prostora Grada i \u017dupanije, sve u svrhu dizanja standarda u arhitektonskom i urbanisti\u010dkom projektiranju i razvoju prostora.<\/p>\n\n\n\n<p class=\"has-text-align-left\">U tom smislu, svoju stru\u010dnost, u okviru na\u0161e udruge, stavljamo u slu\u017ebu i za dobrobit javnog interesa.&nbsp;Unutar udruge me\u0111usobno povezujemo ideje i na\u010din razmi\u0161ljanja, kao i&nbsp;kroz suradnju sa srodnim udrugama i institucijama.<\/p>\n\n\n\n<p class=\"has-text-align-left\">Naglasak rada dru\u0161tva je na promicanju na\u010dela odr\u017eive gradnje i odr\u017eivog prostornog planiranja, te na uklju\u010divanje struke pri dono\u0161enju zakona, propisa i pravilnika vezanih uz arhitektonsko projektiranje i graditeljstvo, posebno u nerije\u0161enim i neuskla\u0111enim pitanjima.<\/p>\n\n\n\n<p class=\"has-text-align-left\">Ciljevi udruge su&nbsp;razvijanje i afirmiranje arhitektonske struke,&nbsp;vara\u017edinske i hrvatske te suvremene arhitekture i urbanizma i kulture prostora, kao i zalaganje za njihov&nbsp;raznolik i kontinuiran razvoj i za\u0161titu.<\/p>\n\n\n\n<p>Radi ostvarivanja ciljeva udruge DAV obavlja&nbsp;sljede\u0107e djelatnosti: pru\u017eanje pomo\u0107i naru\u010diteljima pri organiziranju i provedbi natje\u010daja iz podru\u010dja arhitekture i urbanizma sukladno posebnim propisima; organiziranje izlo\u017ebi, predavanja, seminara i&nbsp;stru\u010dnih skupova.<\/p>\n\n\n\n<p class=\"has-text-align-left\"><\/p>\n\n\n\n<p><\/p>\n\n\n\n<p><\/p>\n","protected":false},"excerpt":{"rendered":"<p>&#8220;Dru\u0161tvo arhitekata Vara\u017edina&#8221;\u00a0(DAV) je dobrovoljna strukovna udruga koja okuplja arhitektice i arhitekte koji djeluju na podru\u010dju i okolici grada Vara\u017edina i Vara\u017edinske \u017eupanije. Postoji od 1983. godine, kada je osnovano Dru\u0161tvo arhitekata vara\u017edinsko &#8211; me\u0111imurske regije. Od 1997. godine djeluje kao samostalna udruga pod imenom \u2013 \u201eDru\u0161tvo arhitekata Vara\u017edina\u201c (DAV). DAV je \u010dlan Udru\u017eenja hrvatskih [&hellip;]<\/p>\n","protected":false},"author":1,"featured_media":0,"parent":0,"menu_order":0,"comment_status":"closed","ping_status":"closed","template":"","meta":{"footnotes":""},"class_list":["post-53","page","type-page","status-publish","hentry"],"_links":{"self":[{"href":"https:\/\/davz.hr\/wordpress\/index.php?rest_route=\/wp\/v2\/pages\/53","targetHints":{"allow":["GET"]}}],"collection":[{"href":"https:\/\/davz.hr\/wordpress\/index.php?rest_route=\/wp\/v2\/pages"}],"about":[{"href":"https:\/\/davz.hr\/wordpress\/index.php?rest_route=\/wp\/v2\/types\/page"}],"author":[{"embeddable":true,"href":"https:\/\/davz.hr\/wordpress\/index.php?rest_route=\/wp\/v2\/users\/1"}],"replies":[{"embeddable":true,"href":"https:\/\/davz.hr\/wordpress\/index.php?rest_route=%2Fwp%2Fv2%2Fcomments&post=53"}],"version-history":[{"count":8,"href":"https:\/\/davz.hr\/wordpress\/index.php?rest_route=\/wp\/v2\/pages\/53\/revisions"}],"predecessor-version":[{"id":204,"href":"https:\/\/davz.hr\/wordpress\/index.php?rest_route=\/wp\/v2\/pages\/53\/revisions\/204"}],"wp:attachment":[{"href":"https:\/\/davz.hr\/wordpress\/index.php?rest_route=%2Fwp%2Fv2%2Fmedia&parent=53"}],"curies":[{"name":"wp","href":"https:\/\/api.w.org\/{rel}","templated":true}]}}