{"id":56,"date":"2024-06-04T00:21:14","date_gmt":"2024-06-04T00:21:14","guid":{"rendered":"https:\/\/davz.hr\/wordpress\/?page_id=56"},"modified":"2025-11-08T10:37:00","modified_gmt":"2025-11-08T10:37:00","slug":"clanovi","status":"publish","type":"page","link":"https:\/\/davz.hr\/wordpress\/?page_id=56","title":{"rendered":"\u010clanovi"},"content":{"rendered":"\n<p>\u010clanom Dru\u0161tva arhitekata Vara\u017edina mo\u017ee postati svaka fizi\u010dka ili pravna osoba koja je zainteresirana za rad u Udruzi i pru\u017eanje doprinosa ostvarivanju ciljeva Udruge te prihva\u0107a odredbe Statuta.<\/p>\n\n\n\n<p>Za prijem u Dru\u0161tvo arhitekata Vara\u017edina, ispunjenu i potpisanu pristupnicu mo\u017eete poslati e-mailom na: <strong>arhitekt.vz@gmail.com<\/strong><\/p>\n\n\n\n<div data-wp-interactive=\"core\/file\" class=\"wp-block-file\"><object data-wp-bind--hidden=\"!state.hasPdfPreview\" hidden class=\"wp-block-file__embed\" data=\"https:\/\/davz.hr\/wordpress\/wp-content\/uploads\/2025\/11\/DAV-pristupnica.pdf\" type=\"application\/pdf\" style=\"width:100%;height:600px\" aria-label=\"Ugra\u0111eno DAV - pristupnica.\"><\/object><a id=\"wp-block-file--media-70e19a78-9909-4596-b09f-5e301c980d85\" href=\"https:\/\/davz.hr\/wordpress\/wp-content\/uploads\/2025\/11\/DAV-pristupnica.pdf\">DAV &#8211; pristupnica<\/a><a href=\"https:\/\/davz.hr\/wordpress\/wp-content\/uploads\/2025\/11\/DAV-pristupnica.pdf\" class=\"wp-block-file__button wp-element-button\" download aria-describedby=\"wp-block-file--media-70e19a78-9909-4596-b09f-5e301c980d85\">Preuzmi<\/a><\/div>\n\n\n\n<p><strong>Upute za pla\u0107anje \u010dlanarine<\/strong><\/p>\n\n\n\n<p>IBAN: HR7924840081135202149 \/ Raiffeisen bank<\/p>\n\n\n\n<p>Opis pla\u0107anja:&nbsp;<em>ime i prezime<\/em>&nbsp;\u2013 \u010dlanarina za&nbsp;<em>upi\u0161ite godinu<\/em><\/p>\n\n\n\n<figure class=\"wp-block-image size-full\"><img loading=\"lazy\" decoding=\"async\" width=\"282\" height=\"160\" src=\"https:\/\/davz.hr\/wordpress\/wp-content\/uploads\/2024\/12\/DAV_2Dkod_clanarina2.png\" alt=\"\" class=\"wp-image-352\"\/><\/figure>\n\n\n\n<p><em>Iznos \u010dlanarine za redovne \u010dlanove: 40 eur<\/em><\/p>\n\n\n\n<p><em>Iznos \u010dlanarine za pridru\u017eene i redovne \u010dlanove \u2013 umirovljenike i studente: 20 eur<\/em><\/p>\n\n\n\n<p>Pla\u0107anjem godi\u0161nje \u010dlanarine ostvaruje se aktivno \u010dlanstvo u Udruzi za teku\u0107u godinu.<\/p>\n\n\n\n<p><strong>\u010clanovi DAV-a<\/strong><\/p>\n\n\n\n<figure class=\"wp-block-table\"><table class=\"has-fixed-layout\"><tbody><tr><td>BEDEKOVI\u0106 ELEONORA<\/td><\/tr><tr><td>BLAGEC MARKO<\/td><\/tr><tr><td>BRAKUS DARINKA<\/td><\/tr><tr><td>BRAKUS ZORAN<\/td><\/tr><tr><td>BREZOVEC LARA<\/td><\/tr><tr><td>BRLJAK ANTONIJA<\/td><\/tr><tr><td>CAFUK TATJANA<\/td><\/tr><tr><td>CAFUK VALENTINA<\/td><\/tr><tr><td>CEPANEC MATIJA<\/td><\/tr><tr><td>CIGLAR MAJA<\/td><\/tr><tr><td>\u010cA\u010cI\u0106 MARIJA<\/td><\/tr><tr><td>FI\u0160TREK KARLO<\/td><\/tr><tr><td>FI\u0160TREK VALENTINA<\/td><\/tr><tr><td>FOLNEGOVI\u0106 VALENTINA<\/td><\/tr><tr><td>GLAVICA VALENTINA<\/td><\/tr><tr><td>GORENAK DORA<\/td><\/tr><tr><td>GOTAL LUKA<\/td><\/tr><tr><td>GR\u0110AN EMANUELA<\/td><\/tr><tr><td>HAJDUK \u0160IPU\u0160 JANA<\/td><\/tr><tr><td>HERCEG PATRICIJA<\/td><\/tr><tr><td>HORVAT DINA<\/td><\/tr><tr><td>IVAN\u010cAN DORA<\/td><\/tr><tr><td>IVANEC JANJA<\/td><\/tr><tr><td>JALU\u0160I\u0106 VI\u0160NJA<\/td><\/tr><tr><td>KIRETA MAJA<\/td><\/tr><tr><td>KOBZINEK FILIP<\/td><\/tr><tr><td>KOLONI\u0106 DOMAGOJ<\/td><\/tr><tr><td>KOMAR \u0110UR\u0110ICA<\/td><\/tr><tr><td>KOMES DUBRAVKA<\/td><\/tr><tr><td>KORPAR PETRA<\/td><\/tr><tr><td>KOVA\u010c JOSIP<\/td><\/tr><tr><td>KOVA\u010cEVI\u0106 DUJE<\/td><\/tr><tr><td>KOVA\u010cI\u0106 GORDANA<\/td><\/tr><tr><td>K\u00d6GL MARINA<\/td><\/tr><tr><td>K\u00d6GL VEDRAN<\/td><\/tr><tr><td>LUKI\u0106 PAUKOVI\u0106 TAMARA<\/td><\/tr><tr><td>MARTINEC DARIO<\/td><\/tr><tr><td>MARTINEC TANJA<\/td><\/tr><tr><td>MATIC HRVOJE<\/td><\/tr><tr><td>MILISAVLJEVI\u0106 VELJKO<\/td><\/tr><tr><td>PIBER\u010cNIK ALENKA<\/td><\/tr><tr><td>PLAVEC IVAN\u010cICA<\/td><\/tr><tr><td>POMPER VERONIKA<\/td><\/tr><tr><td>PREMUR ANA<\/td><\/tr><tr><td>PUN\u010cEC JULIJA<\/td><\/tr><tr><td>SANKOVI\u0106 VEDRAN<\/td><\/tr><tr><td>SALOPEK-GREGURIN\u010cI\u0106 DRA\u017dENKA<\/td><\/tr><tr><td>\u0160ANTEK LIDIJA<\/td><\/tr><tr><td>\u0160TULJAN ZDRAVKO<\/td><\/tr><tr><td>TRSTENJAK ADAM<\/td><\/tr><tr><td>TRSTENJAK \u017dELJKO<\/td><\/tr><tr><td>VINDI\u0160 IVAN<\/td><\/tr><tr><td>VINKOVI\u0106 MATIJA<\/td><\/tr><tr><td>VLAHEK EMILIJA<\/td><\/tr><tr><td>VUGRIN VEDRAN<\/td><\/tr><\/tbody><\/table><\/figure>\n","protected":false},"excerpt":{"rendered":"<p>\u010clanom Dru\u0161tva arhitekata Vara\u017edina mo\u017ee postati svaka fizi\u010dka ili pravna osoba koja je zainteresirana za rad u Udruzi i pru\u017eanje doprinosa ostvarivanju ciljeva Udruge te prihva\u0107a odredbe Statuta. Za prijem u Dru\u0161tvo arhitekata Vara\u017edina, ispunjenu i potpisanu pristupnicu mo\u017eete poslati e-mailom na: arhitekt.vz@gmail.com Upute za pla\u0107anje \u010dlanarine IBAN: HR7924840081135202149 \/ Raiffeisen bank Opis pla\u0107anja:&nbsp;ime i [&hellip;]<\/p>\n","protected":false},"author":1,"featured_media":0,"parent":0,"menu_order":0,"comment_status":"closed","ping_status":"closed","template":"","meta":{"footnotes":""},"class_list":["post-56","page","type-page","status-publish","hentry"],"_links":{"self":[{"href":"https:\/\/davz.hr\/wordpress\/index.php?rest_route=\/wp\/v2\/pages\/56","targetHints":{"allow":["GET"]}}],"collection":[{"href":"https:\/\/davz.hr\/wordpress\/index.php?rest_route=\/wp\/v2\/pages"}],"about":[{"href":"https:\/\/davz.hr\/wordpress\/index.php?rest_route=\/wp\/v2\/types\/page"}],"author":[{"embeddable":true,"href":"https:\/\/davz.hr\/wordpress\/index.php?rest_route=\/wp\/v2\/users\/1"}],"replies":[{"embeddable":true,"href":"https:\/\/davz.hr\/wordpress\/index.php?rest_route=%2Fwp%2Fv2%2Fcomments&post=56"}],"version-history":[{"count":9,"href":"https:\/\/davz.hr\/wordpress\/index.php?rest_route=\/wp\/v2\/pages\/56\/revisions"}],"predecessor-version":[{"id":625,"href":"https:\/\/davz.hr\/wordpress\/index.php?rest_route=\/wp\/v2\/pages\/56\/revisions\/625"}],"wp:attachment":[{"href":"https:\/\/davz.hr\/wordpress\/index.php?rest_route=%2Fwp%2Fv2%2Fmedia&parent=56"}],"curies":[{"name":"wp","href":"https:\/\/api.w.org\/{rel}","templated":true}]}}